{"id":2,"date":"2026-03-31T15:39:38","date_gmt":"2026-03-31T15:39:38","guid":{"rendered":"https:\/\/copy-shop-nuernberg.de\/?page_id=2"},"modified":"2026-04-01T04:45:03","modified_gmt":"2026-04-01T04:45:03","slug":"sample-page","status":"publish","type":"page","link":"https:\/\/copy-shop-nuernberg.de\/?page_id=2","title":{"rendered":"Sample Page"},"content":{"rendered":"<p>Click on the image to download it:<\/p>\n<p>\n<a href=\"https:\/\/copy-shop-nuernberg.de\/wp-content\/uploads\/2026\/03\/Copy-Shop-E-Mail-Headerbild-03_2026_iStock-485006024.jpg\" download><br \/>\n  <img loading=\"lazy\" decoding=\"async\" src=\"https:\/\/copy-shop-nuernberg.de\/wp-content\/uploads\/2026\/03\/Copy-Shop-E-Mail-Headerbild-03_2026_iStock-485006024.jpg\" alt=\"W3Schools\" width=\"104\" height=\"142\"><br \/>\n<\/a><\/p>\n<p>Unsere Copyshop-Online-Filiale ist auch f\u00fcr dich in <span style=\"color: #008000;\">[copyshop_stadt]<\/span> da.<\/h1>\n<h1 style=\"text-align: center;\">Und das immer zuverl\u00e4ssig,<br \/>\nz\u00fcgig, zeitnah und bezahlbar.<\/h1>\n<p>Facharbeiten jetzt schon anmelden<br \/>\nDer Countdown l\u00e4uft schon &#8230;<\/p>\n<h2><strong>Fach-, Seminar-, Zulassungsarbeiten &amp; Co.<br \/>\nganz einfach online bestellen<\/strong><\/h2>\n<div class=\"av-special-heading av-special-heading-h1 blockquote modern-quote avia-builder-el-7 el_before_av_hr avia-builder-el-first \">\n<div class=\"av-subheading av-subheading_below \">\n<h3><strong>Info zu deiner Zulassungsarbeit November 2025:<\/strong><\/h3>\n<h3>Wichtig: Abholung in Lauf a. d. Pegnitz<\/h3>\n<\/div>\n<\/div>\n<section class=\"av_textblock_section \">\n<div class=\"avia_textblock \">\n<p>Freitag, 7. November bis Dienstag 11. November 2025 \u2013 an diesem Wochenende sind wir f\u00fcr euch jederzeit erreichbar, auch am Samstag und Sonntag!<\/p>\n<p><strong>Telefonischer Support f\u00fcr dich:<\/strong><\/p>\n<p>Freitag von 08:30 bis 18:30 Uhr<br \/>\nSamstag von 10:00 bis 16:30 Uhr<br \/>\nSonntag von 10:00 bis 16:00 Uhr<br \/>\nMontag und Dienstag von 07:00 bis 18:30 Uhr<\/p>\n<p>Wir sind telefonisch erreichbar unter<br \/>\n<a href=\"tel:+499123948814\"> 09123 . 94 88 14<\/a><\/p>\n<p><strong>Bitte keine USB-Sticks, sondern &#8230;<\/strong><\/p>\n<p>&#8230; Bestellungen bitte nur \u00fcber <strong><a href=\"https:\/\/www.copy-shop-lauf.de\/produkt-kategorie\/facharbeit\/\">den Shop<\/a><\/strong>. Hier l\u00e4dst du auch deine Daten hoch. Hier kannst du auch beschreiben was an deiner Facharbeit beim Drucken zu ber\u00fccksichtigen ist. Der Online-Shop spart dir \u00fcbrigens auch viel Zeit, denn du brauchst nur zum Abholen vorbeikommen.<\/p>\n<\/div>\n<\/section>\n<p><strong>Druck-Zeitplan oder &#8222;Wer zuerst kommt mahlt zuerst.&#8220;<\/strong><\/p>\n<p>Alle Hei\u00dfklebe- und Draht-Wire-O-Bindungen werden taggleich gedruckt und gebunden.<\/p>\n<p>Freitag, 7. November bis Dienstag 11. November 2025 \u2013 an diesem Wochenende sind wir f\u00fcr euch jederzeit erreichbar, auch am Samstag und Sonntag!<\/p>\n<p><strong>ABER:<\/strong><br \/>\nSoft- und Hardcover-Bindungen bitte bis Freitag 12:00 Uhr bestellen. Diese sind dann am Montag vormittag abholbereit.<\/p>\n<p>Sobald dein Auftrag und deine Daten im Shop hochgeladen und von uns erfasst sind erh\u00e4ltst du eine <strong>Best\u00e4tigungsmail<\/strong> von uns. Wenn du die Option &#8222;Datencheck&#8220; buchst, erh\u00e4ltst du ebenfalls eine Mail \u00fcber das Ergebnis vom Datencheck. Sobald deine Arbeit gedruckt ist erh\u00e4ltst du eine weitere E-Mail von uns.<\/p>\n<p>Bis 12:00 Datenupload \u2013 taggleich abholbereit!<br \/>\nAuch Express m\u00f6glich:<br \/>\nDatenupload bis 17:45 Uhr \u2013 ab 18:00 bis 18:30 abholbereit. Aufschlag 5,00 \u20ac.<\/p>\n<p><strong>Extra Bonus:<br \/>\n<\/strong>Du erh\u00e4ltst als <strong>Dankesch\u00f6n einen 5,00 \u20ac Gutschein<\/strong> den du bei einer Bestellung f\u00fcr ein ABI-Banner einsetzen kannst!<\/p>\n<p>Dein Copy-Shop-Lauf bietet dir zu verg\u00fcnstigten Sch\u00fclerpreisen den Druck deiner Facharbeiten an.<\/p>\n","protected":false},"excerpt":{"rendered":"<p>Click on the image to download it: Unsere Copyshop-Online-Filiale ist auch f\u00fcr dich in [copyshop_stadt] da. Und das immer zuverl\u00e4ssig, z\u00fcgig, zeitnah und bezahlbar. Facharbeiten jetzt schon anmelden Der Countdown l\u00e4uft schon &#8230; Fach-, Seminar-, Zulassungsarbeiten &amp; Co. ganz einfach online bestellen Info zu deiner Zulassungsarbeit November 2025: Wichtig: Abholung in Lauf a. d. Pegnitz [&hellip;]<\/p>\n","protected":false},"author":1,"featured_media":0,"parent":0,"menu_order":0,"comment_status":"closed","ping_status":"open","template":"","meta":{"footnotes":""},"class_list":["post-2","page","type-page","status-publish","hentry"],"_links":{"self":[{"href":"https:\/\/copy-shop-nuernberg.de\/index.php?rest_route=\/wp\/v2\/pages\/2","targetHints":{"allow":["GET"]}}],"collection":[{"href":"https:\/\/copy-shop-nuernberg.de\/index.php?rest_route=\/wp\/v2\/pages"}],"about":[{"href":"https:\/\/copy-shop-nuernberg.de\/index.php?rest_route=\/wp\/v2\/types\/page"}],"author":[{"embeddable":true,"href":"https:\/\/copy-shop-nuernberg.de\/index.php?rest_route=\/wp\/v2\/users\/1"}],"replies":[{"embeddable":true,"href":"https:\/\/copy-shop-nuernberg.de\/index.php?rest_route=%2Fwp%2Fv2%2Fcomments&post=2"}],"version-history":[{"count":6,"href":"https:\/\/copy-shop-nuernberg.de\/index.php?rest_route=\/wp\/v2\/pages\/2\/revisions"}],"predecessor-version":[{"id":17,"href":"https:\/\/copy-shop-nuernberg.de\/index.php?rest_route=\/wp\/v2\/pages\/2\/revisions\/17"}],"wp:attachment":[{"href":"https:\/\/copy-shop-nuernberg.de\/index.php?rest_route=%2Fwp%2Fv2%2Fmedia&parent=2"}],"curies":[{"name":"wp","href":"https:\/\/api.w.org\/{rel}","templated":true}]}}